{"id":21,"date":"2011-11-09T14:48:27","date_gmt":"2011-11-09T13:48:27","guid":{"rendered":"http:\/\/hardluckstreet.com\/mrpizzademo\/?page_id=21"},"modified":"2026-03-10T11:02:12","modified_gmt":"2026-03-10T10:02:12","slug":"forside","status":"publish","type":"page","link":"https:\/\/www.mrpizza.no\/","title":{"rendered":"Velkommen til Mr Pizza"},"content":{"rendered":"<table style=\"width: 915px; height: 469px;\" border=\"0\" align=\"center\">\n<tbody>\n<tr>\n<td align=\"center\" bgcolor=\"black\">1<a href=\"https:\/\/www.google.no\/maps\/dir\/59.744452,10.2026713\/59.7444466,10.2026713\/@59.7442763,10.2004397,17z\" target=\"_blank\" rel=\"noopener\"><img loading=\"lazy\" class=\"alignnone size-medium wp-image-835\" src=\"http:\/\/www.mrpizza.no\/wp-content\/uploads\/2011\/11\/thumbnail_IMG_2732-225x300.jpg\" alt=\"thumbnail_img_2732\" width=\"225\" height=\"300\" srcset=\"https:\/\/www.mrpizza.no\/wp-content\/uploads\/2011\/11\/thumbnail_IMG_2732-225x300.jpg 225w, https:\/\/www.mrpizza.no\/wp-content\/uploads\/2011\/11\/thumbnail_IMG_2732.jpg 481w\" sizes=\"(max-width: 225px) 100vw, 225px\" \/><\/a><\/td>\n<td align=\"center\" bgcolor=\"black\">\n<h1><span style=\"color: #ff0000;\">MR PIZZA DRAMMEN<\/span><\/h1>\n<p><span style=\"color: #ffffff;\">\u00c5pningstider &#8211; siste bestilling 15 min. for stenging\u00a0<\/span><\/p>\n<h1><span style=\"color: #ffff99;\">Spis inne \/ Takeaway<\/span><\/h1>\n<h1><strong><span style=\"color: #ffff00;\">\u00a0<span style=\"color: #00ccff;\">\u00d8L VIN RETTIGHETER<\/span><\/span><\/strong><\/h1>\n<h1><span style=\"color: #ffff00;\"><strong><span style=\"color: #ffffff;\">\u00a0 \u00a0TLF. 32 82 90 32 <\/span>\u00a0<\/strong><\/span><\/h1>\n<h2><span style=\"color: #ffffff;\">Onsdag &#8211; Torsdag 16-21 &#8211; Fredag 16-22\u00a0<\/span><\/h2>\n<h2><span style=\"color: #ffffff;\">L\u00f8rdag 15-22 &#8211; S\u00f8ndag 15 &#8211; 21<\/span><\/h2>\n<h2><span style=\"color: #ffffff;\">Mandag Tirsdag- Stengt\u00a0 <\/span><span style=\"color: #ff0000;\">\u00a0<\/span><\/h2>\n<h2><span style=\"color: #ffcc00;\"><span style=\"color: #ffffff;\">\u00a0 \u00a0 \u00a0 \u00a0 \u00a0 \u00a0\u00a0<\/span>\u00a0 \u00a0 \u00a0 \u00a0 \u00a0 \u00a0 \u00a0 \u00a0 \u00a0 \u00a0 \u00a0 \u00a0 \u00a0<span style=\"color: #ffffff;\">\u00a0\u00a0\u00a0\u00a0\u00a0\u00a0\u00a0\u00a0\u00a0\u00a0\u00a0 <\/span><\/span><\/h2>\n<\/td>\n<td align=\"center\" bgcolor=\"black\">\n<h1><span style=\"color: #ff0000;\">N\u00c5 HAR VI<\/span><\/h1>\n<h2><span style=\"color: #ffffff;\">&#8220;PizzaSallad&#8221;<\/span><\/h2>\n<h2><span style=\"color: #ffffff;\">35.-<\/span><\/h2>\n<h2><span style=\"color: #ffffff;\">Mini Pizza fra<\/span><\/h2>\n<h2><span style=\"color: #ffffff;\">59.-\u00a0<\/span><\/h2>\n<\/td>\n<\/tr>\n<\/tbody>\n<\/table>\n<p><span style=\"color: #ffcc00;\"><strong><span style=\"color: #ffff99;\">GARAGE <\/span><a href=\"https:\/\/www.google.no\/maps\/dir\/59.744452,10.2026713\/59.7444466,10.2026713\/@59.7442763,10.2004397,17z\" target=\"_blank\" rel=\"noopener\"><span style=\"color: #ffff99;\">MR PIZZA<\/span> &#8211; DRAMMEN, St.Olavsgate 4 (Kinogarasjen )<\/a>\u00a0\u00a0 <span style=\"color: #ffffff;\">TEL. 32 82 90 32<\/span> <\/strong><\/span> <span style=\"color: #ccffcc;\">\u00a0<\/span><span style=\"color: #ffcc00;\"><strong>OBS!<span style=\"color: #ffcc99;\">\u00a0 NY \u00c5PNINGSTID :\u00a0 \u00a0 ONSDAG &#8211; TORSDAG 16-21 . FREDAG 16-22. L\u00d8DAG 15-22.\u00a0 S\u00d8NDAG 15-21\u00a0 MANDAG TIRSDAG STENGT\u00a0 (<\/span><\/strong><span style=\"color: #ffcc99;\">Siste telefonbestilling: 15 min. f\u00f8r stenging.)<\/span><\/span><\/p>\n<pre style=\"text-align: left;\">               \n<\/pre>\n<table style=\"width: 915px; height: 469px;\" border=\"0\" align=\"center\">\n<tbody>\n<tr>\n<td align=\"center\" bgcolor=\"black\"><a href=\"http:\/\/www.mrpizza.no\/wp-content\/uploads\/2011\/11\/mrpizza_manglerud.jpg\"><img loading=\"lazy\" class=\" wp-image-896 alignleft\" src=\"http:\/\/www.mrpizza.no\/wp-content\/uploads\/2011\/11\/mrpizza_manglerud-300x300.jpg\" alt=\"mrpizza_manglerud\" width=\"343\" height=\"343\" srcset=\"https:\/\/www.mrpizza.no\/wp-content\/uploads\/2011\/11\/mrpizza_manglerud-300x300.jpg 300w, https:\/\/www.mrpizza.no\/wp-content\/uploads\/2011\/11\/mrpizza_manglerud-150x150.jpg 150w, https:\/\/www.mrpizza.no\/wp-content\/uploads\/2011\/11\/mrpizza_manglerud.jpg 598w\" sizes=\"(max-width: 343px) 100vw, 343px\" \/><\/a><\/td>\n<td align=\"center\" bgcolor=\"black\">\n<h1><span style=\"color: #ccffcc;\">MANGLERUD\u00a0 \u00a0<\/span><span style=\"color: #ccffcc;\">\u00c5PENT\u00a0<\/span><\/h1>\n<h2><span style=\"color: #ffffff;\">\u00a0 \u00a0 \u00a0 mandag &#8211; torsdag\u00a0 15 &#8211; 22\u00a0 \u00a0 \u00a0 \u00a0<\/span><\/h2>\n<h2><span style=\"color: #ffcc00;\"><span style=\"color: #ffffff;\">fredag &#8211; l\u00f8rdag\u00a0 15 &#8211; 23\u00a0\u00a0<\/span><\/span><\/h2>\n<h2><span style=\"color: #ffcc00;\">\u00a0 \u00a0 \u00a0 <\/span><span style=\"color: #ffcc00;\"><span style=\"color: #ffffff;\">s\u00f8ndag\u00a0 \u00a0 \u00a0 \u00a0 \u00a0 \u00a0 \u00a0 \u00a014 &#8211;\u00a0 22\u00a0 \u00a0 \u00a0 \u00a0 \u00a0 \u00a0 \u00a0<\/span><\/span><\/h2>\n<h2><span style=\"color: #ffcc00;\"><span style=\"color: #ffffff;\">\u00a0 \u00a0 VELKOMMEN<strong>\u00a0<\/strong> \u00a0<\/span><\/span><\/h2>\n<h2><span style=\"color: #ffcc00;\"><span style=\"color: #ffffff;\">\u00a0 \u00a0 \u00a0 TLF. 22 26 62 00\u00a0 \u00a0 \u00a0<\/span><\/span><\/h2>\n<h2><span style=\"color: #ffcc00;\"><span style=\"color: #ffffff;\">\u00a0\u00a0\u00a0\u00a0\u00a0\u00a0 \u00a0\u00a0 \u00a0<\/span><\/span><\/h2>\n<\/td>\n<td align=\"center\" bgcolor=\"black\">\n<h2><span style=\"color: #ffcc00;\"><span style=\"color: #ccffcc;\">\u00a0 \u00a0 \u00a0 \u00a0 \u00a0 MR PIZZA <\/span>\u00a0 \u00a0 \u00a0 \u00a0 \u00a0<\/span><\/h2>\n<h2><span style=\"color: #ffcc00;\"><span style=\"color: #ffffff;\">Pizza Party<\/span>\u00a0<\/span><\/h2>\n<h2><span style=\"color: #ffcc00; font-family: inherit; font-size: inherit; background-color: #000000;\"><span style=\"color: #ffffff;\">Mandag<\/span><\/span><span style=\"color: #ffcc00; font-family: inherit; font-size: inherit; background-color: #000000;\">\u00a0\u00a0<\/span><\/h2>\n<h2><span style=\"color: #ffffff;\">Stort utvalg\u00a0<\/span><\/h2>\n<h2><span style=\"color: #ffcc00;\"><span style=\"color: #ffffff;\">\u00a0 \u00a0Enkel\u00a0 \u00a0 119.-\u00a0<\/span> \u00a0<\/span><span style=\"color: #ffcc00;\"><span style=\"color: #ffcc00;\">\u00a0<\/span><span style=\"color: #ffffff;\">\u00a0<\/span><\/span><\/h2>\n<h2><span style=\"color: #ff0000;\">\u00a0<span style=\"color: #ffffff;\">Dobbel\u00a0 169.-<\/span>\u00a0<\/span><\/h2>\n<h2><span style=\"color: #99cc00;\"><span style=\"color: #ffffff;\">Stor\u00a0 \u00a0 \u00a0209.-<\/span>\u00a0<\/span><\/h2>\n<h2><span style=\"color: #ffcc00;\">Little One Pizza<\/span><\/h2>\n<h2><span style=\"color: #ffcc00;\">26 cm fra 99 Kr:<\/span><\/h2>\n<\/td>\n<\/tr>\n<\/tbody>\n<\/table>\n<p style=\"text-align: left;\"><span style=\"color: #ffcc00;\"><strong><a href=\"https:\/\/www.google.no\/maps\/place\/Mr+Pizza+AS\/@59.8977526,10.8098946,17z\/data=!3m1!4b1!4m5!3m4!1s0x46416f0f9c9713ad:0x8196190a79f52bd4!8m2!3d59.8977499!4d10.8120833\" target=\"_blank\" rel=\"noopener\">MR PIZZA &#8211; OSLO, <span class=\"address-wrap adr\"><span class=\"street-address\">Plogveien 4 (Manglerud T-Bane)<\/span><\/span> <\/a>\u00a0\u00a0 <span style=\"color: #ffffff;\">TEL. 22 26 62 00<\/span><\/strong><\/span><\/p>\n<p style=\"text-align: left;\"><span style=\"color: #00ff00;\">\u00a0<\/span><span style=\"color: #ffcc00;\"><strong>\u00c5PE<\/strong><strong>NT<\/strong>\u00a0:\u00a0\u00a0 \u00a0<span style=\"color: #ffcc99;\"><strong>MAN- TOR.\u00a0 15 &#8211; 22\u00a0 \u00a0FRE-L\u00d8R.\u00a0 15 &#8211; 23<\/strong>\u00a0 \u00a0 \u00a0<strong>S\u00d8NDAG \u00a0\u00a0 14 &#8211; 22\u00a0 (<\/strong>Siste telefonbestilling: 15 min. f\u00f8r stenging.)\u00a0 \u00a0 \u00a0 \u00a0 \u00a0 \u00a0 \u00a0 \u00a0 \u00a0<\/span><\/span><\/p>\n<p>_____________________________________________________________________________________________________________<\/p>\n<h2><\/h2>\n<h2><a href=\"http:\/\/www.mrpizza.no\/?page_id=17\" target=\"_blank\" rel=\"noopener\">PIZZAPARTY TLBUD GJELDER KUN P\u00c5 AVD. MANGLERUD!<\/a><\/h2>\n<h3><\/h3>\n<table style=\"width: 915px;\" border=\"0\" align=\"center\">\n<tbody>\n<tr>\n<td valign=\"top\">3 NORVEGIA, TOMATSAUS 4 SKINKE 5 SKINKE, CHAMPIGNON 6 SKINKE, PAPRIKA 7 PEPPERONI, OLIVEN 8 SKINKE, ANANAS 9 SKINKE, MAIS 10 PEPPERONI, CHAMPIGNON 11 PEPPERONI 12 PEPPERONI, ANANAS 13 SKINKE, CHAMPIGNON, JALAPENOS <a href=\"http:\/\/www.mrpizza.no\/wp-content\/uploads\/2012\/02\/hot-red.png\"><img loading=\"lazy\" title=\"hot-red\" src=\"http:\/\/www.mrpizza.no\/wp-content\/uploads\/2012\/02\/hot-red.png\" alt=\"\" width=\"25\" height=\"17\" \/><\/a> 14 PEPPERONI, PAPRIKA, JALAPENOS <a href=\"http:\/\/www.mrpizza.no\/wp-content\/uploads\/2012\/02\/hot-red.png\"><img loading=\"lazy\" title=\"hot-red\" src=\"http:\/\/www.mrpizza.no\/wp-content\/uploads\/2012\/02\/hot-red.png\" alt=\"\" width=\"25\" height=\"17\" \/><\/a> 16\u00a0PEPPERONI, SALAMI, CHAMGIGNON 17 PEPPERONI, SKINKE, CHAMPIGNON<\/td>\n<td valign=\"top\">19 PEPPERONI, L\u00d8K, TOMAT 30 KJ\u00d8TTDEIG 32\u00a0KJ\u00d8TTDEIG, CHAMPIGNON, MAIS 33\u00a0KJ\u00d8TTDEIG, L\u00d8K, PAPRIKA 34\u00a0KJ\u00d8TTDEIG, L\u00d8K,\u00a0BEARNAISE 53\u00a0SALAMI 54\u00a0SALAMI, L\u00d8K 62\u00a0CHAMPIGNON, PAPRIKA, L\u00d8K 63 JALAPENOS, CHAMPIGNON, L\u00d8K <a href=\"http:\/\/www.mrpizza.no\/wp-content\/uploads\/2012\/02\/hot-red.png\"><img loading=\"lazy\" class=\"alignnone size-full wp-image-132\" title=\"hot-red\" src=\"http:\/\/www.mrpizza.no\/wp-content\/uploads\/2012\/02\/hot-red.png\" alt=\"\" width=\"25\" height=\"17\" \/><\/a> 71\u00a0 TUNFISK 77\u00a0\u00a0Lett BACON 77\u00a0BACON 79 BACON, SKINKE, CHAMPIGNON 85 CALZONE, SKINKE,\u00a0TOMATSAUS 87 CALZONE, KJ\u00d8TTDEIG, L\u00d8K<\/td>\n<\/tr>\n<tr>\n<td colspan=\"2\" valign=\"top\">\n<h2 style=\"text-align: center;\">Take Away:\u00a0\u00a0\u00a0\u00a0 \u00a0\u00a0 <strong>Enkel: 119,-\u00a0\u00a0\u00a0\u00a0\u00a0\u00a0\u00a0 \u00a0Dobbel: 169,-\u00a0\u00a0\u00a0\u00a0\u00a0\u00a0\u00a0\u00a0 Stor: 209.-<\/strong><\/h2>\n<p>Str.\u00a0\u00a0\u00a0\u00a0\u00a0\u00a0\u00a0\u00a0\u00a0\u00a0\u00a0\u00a0\u00a0\u00a0\u00a0\u00a0\u00a0\u00a0\u00a0\u00a0\u00a0\u00a0\u00a0\u00a0\u00a0\u00a0\u00a0\u00a0\u00a0\u00a0\u00a0\u00a0\u00a0\u00a0\u00a0\u00a0\u00a0\u00a0\u00a0\u00a0\u00a0\u00a0\u00a0\u00a0\u00a0\u00a0\u00a0\u00a0\u00a0\u00a0\u00a0\u00a0\u00a0\u00a0\u00a0\u00a0\u00a0\u00a0\u00a0\u00a0\u00a0\u00a0\u00a0\u00a0\u00a0\u00a0\u00a0\u00a0\u00a0\u00a0\u00a0\u00a0\u00a0\u00a0\u00a0 1 &#8211; 2\u00a0 Pers.\u00a0\u00a0\u00a0\u00a0\u00a0\u00a0\u00a0\u00a0\u00a0\u00a0\u00a0\u00a0\u00a0\u00a0\u00a0\u00a0\u00a0\u00a0\u00a0\u00a0\u00a0\u00a0\u00a0\u00a0\u00a0\u00a0\u00a02 &#8211; 3\u00a0 Pers.\u00a0\u00a0\u00a0\u00a0\u00a0\u00a0\u00a0\u00a0\u00a0\u00a0\u00a0\u00a0\u00a0\u00a0\u00a0\u00a0\u00a0\u00a0\u00a0\u00a0\u00a0\u00a0\u00a0 \u00a0\u00a0\u00a0\u00a0 3 &#8211; 4\u00a0 Pers.<\/p>\n<h2 style=\"text-align: center;\"><\/h2>\n<\/td>\n<\/tr>\n<\/tbody>\n<\/table>\n<p style=\"text-align: left;\">Hver mandag er det PIZZA PARTY KUN P\u00c5 MANGLERUD , da kan du handle utvalgte pizzaer til en meget rimelig pris. Hvis mandag faller p\u00e5 en helligdag, holder vi PIZZA PARTY p\u00e5 tirsdag i stede. Se <a title=\"Tilbud\" href=\"http:\/\/www.mrpizza.no\/?page_id=17\">&#8220;Tilbud&#8221;<\/a> for mer informasjon.<\/p>\n<p style=\"text-align: left;\"><a href=\"https:\/\/www.facebook.com\/mrpizzaoslo\" target=\"_blank\" rel=\"noopener\">Mr-Pizza p\u00e5 facebook<\/a><\/p>\n<h2 style=\"text-align: left;\"><\/h2>\n<p style=\"text-align: left;\">Vi baker <strong>italiensk pizza<\/strong> p\u00e5 den tradisjonelle m\u00e5ten, der den ferske bunnen lages for h\u00e5nd ved hver bestilling og fylles med Mr Pizzas velkjente tomatsaus og folkets favorittost.<\/p>\n<p style=\"text-align: left;\">\u00a0\u00a0\u00a0\u00a0\u00a0\u00a0\u00a0\u00a0\u00a0\u00a0\u00a0 <span style=\"color: #ccffcc;\">MR PIZZA BEST I TEST I AFTENPOSTEN<\/span><\/p>\n<p><strong>Velbekommen!<\/strong> ____________________________________________________________________________________________________________<\/p>\n<p style=\"text-align: left;\"><strong>LEDIGE STILLINGER<\/strong><\/p>\n<p>Henvendelse til Daglig Leder mob. 90614051 eller send e-mail til <a href=\"mailto:damijan_vicic@Hotmail.com\">damijan_vicic@Hotmail.com<\/a><\/p>\n","protected":false},"excerpt":{"rendered":"<p>1 MR PIZZA DRAMMEN \u00c5pningstider &#8211; siste bestilling 15 min. for stenging\u00a0 Spis inne \/ Takeaway \u00a0\u00d8L VIN RETTIGHETER \u00a0 \u00a0TLF. 32 82 90 32 \u00a0 Onsdag &#8211; Torsdag 16-21 &#8211; Fredag 16-22\u00a0 L\u00f8rdag 15-22 &#8211; S\u00f8ndag 15 &#8211; 21 Mandag Tirsdag- Stengt\u00a0 \u00a0 \u00a0 \u00a0 \u00a0 \u00a0 \u00a0 \u00a0\u00a0\u00a0 \u00a0 \u00a0 \u00a0 \u00a0 \u00a0 [&hellip;]<\/p>\n","protected":false},"author":5,"featured_media":0,"parent":0,"menu_order":6,"comment_status":"open","ping_status":"closed","template":"","meta":[],"_links":{"self":[{"href":"https:\/\/www.mrpizza.no\/index.php?rest_route=\/wp\/v2\/pages\/21"}],"collection":[{"href":"https:\/\/www.mrpizza.no\/index.php?rest_route=\/wp\/v2\/pages"}],"about":[{"href":"https:\/\/www.mrpizza.no\/index.php?rest_route=\/wp\/v2\/types\/page"}],"author":[{"embeddable":true,"href":"https:\/\/www.mrpizza.no\/index.php?rest_route=\/wp\/v2\/users\/5"}],"replies":[{"embeddable":true,"href":"https:\/\/www.mrpizza.no\/index.php?rest_route=%2Fwp%2Fv2%2Fcomments&post=21"}],"version-history":[{"count":605,"href":"https:\/\/www.mrpizza.no\/index.php?rest_route=\/wp\/v2\/pages\/21\/revisions"}],"predecessor-version":[{"id":1410,"href":"https:\/\/www.mrpizza.no\/index.php?rest_route=\/wp\/v2\/pages\/21\/revisions\/1410"}],"wp:attachment":[{"href":"https:\/\/www.mrpizza.no\/index.php?rest_route=%2Fwp%2Fv2%2Fmedia&parent=21"}],"curies":[{"name":"wp","href":"https:\/\/api.w.org\/{rel}","templated":true}]}}