{"id":1005,"date":"2018-10-21T15:30:29","date_gmt":"2018-10-21T13:30:29","guid":{"rendered":"http:\/\/www.mrpizza.no\/?page_id=1005"},"modified":"2025-08-21T12:08:04","modified_gmt":"2025-08-21T10:08:04","slug":"meny-garage-drammen","status":"publish","type":"page","link":"http:\/\/www.mrpizza.no\/?page_id=1005","title":{"rendered":"Meny Drammen"},"content":{"rendered":"<table style=\"width: 915px;\" border=\"0\" align=\"center\">\n<tbody>\n<tr>\n<td valign=\"top\" width=\"33%\">\n<h2 style=\"text-align: center;\">OST &amp; TOMATSAUS<\/h2>\n<p><strong>1<\/strong> <strong>FETAOST<\/strong>, GORGONZOLA, CHEDDAR CHEESE, NORVEGIA<\/p>\n<p><strong>Enkel:\u00a0 189,-\u00a0 \u00a0Dobbel: \u00a0259,-\u00a0 \u00a0Stor: \u00a0299,-<\/strong><\/p>\n<p><strong>2<\/strong> <strong>GORGONZOLA<\/strong>, NORVEGIA<\/p>\n<p><strong>Enkel: \u00a0169,-\u00a0 \u00a0Dobbel:\u00a0 229,-\u00a0 \u00a0Stor:\u00a0 269,-<\/strong><\/p>\n<p><strong>3<\/strong> <strong>NORVEGIA<\/strong>, TOMATSAUS<\/p>\n<p><strong>Enkel:\u00a0\u00a0149,-\u00a0 \u00a0Dobbel:\u00a0 179,-\u00a0 \u00a0Stor:\u00a0 219,-<\/strong><\/p>\n<hr \/>\n<h2 style=\"text-align: center;\">SKINKE \/ PEPPERONI<\/h2>\n<p><strong>5<\/strong> <strong>SKINKE<\/strong>, CHAMPIGNON<\/p>\n<p><strong>6<\/strong> <strong>SKINKE<\/strong>, PAPRIKA<\/p>\n<p><strong>7<\/strong> <strong>PEPPERONI<\/strong>, OLIVEN<\/p>\n<p><strong>8<\/strong> <strong>SKINKE<\/strong>, ANANAS<\/p>\n<p><strong>9<\/strong> <strong>SKINKE<\/strong>, MAIS<\/p>\n<p><strong>10<\/strong> <strong>PEPPERONI<\/strong>, CHAMPIGNON<\/p>\n<p><strong>12<\/strong> <strong>PEPPERONI<\/strong>, ANANAS<\/p>\n<p><strong>Enkel:\u00a0 169,-\u00a0\u00a0 Dobbel:\u00a0 229,-\u00a0\u00a0 Stor:\u00a0 269,-<\/strong><\/p>\n<p><strong>13<\/strong> <strong>SKINKE<\/strong>, CHAMPIGNON, JALAPENOS<\/p>\n<p><strong>14<\/strong> <strong>PEPPERONI<\/strong>, PAPRIKA, JALAPENOS<\/p>\n<p><strong>15<\/strong> <strong>PEPPERONI<\/strong>, KJ\u00d8TTDEIG, L\u00d8K<\/p>\n<p><strong>16<\/strong> <strong>PEPPERONI<\/strong>, SALAMI, CHAMPIGNON<\/p>\n<p><strong>17<\/strong> <strong>PEPPERONI<\/strong>, SKINKE, CHAMPIGNON<\/p>\n<p><strong>18<\/strong> <strong>PEPPERONI<\/strong>, SKINKE, SALAMI<\/p>\n<p><strong>19<\/strong> <strong>PEPPERONI<\/strong>, SKINKE, ANANAS<\/p>\n<p><strong>Enkel:\u00a0 179,-\u00a0 \u00a0Dobbel:\u00a0 249,-\u00a0 \u00a0Stor:\u00a0 289,-<\/strong><\/p>\n<hr \/>\n<h2 style=\"text-align: center;\">VEGETAR<\/h2>\n<p><strong>55 TORTILLACHIPS<\/strong>, CHEDDAR CHEESE, TACOSAUS. MAIS<\/p>\n<p><strong>56<\/strong> <strong>SPINAT<\/strong>, FETAOST, TOMAT, L\u00d8K<\/p>\n<p><strong>57<\/strong> <strong>BROKKOLI<\/strong>, CHEDDAR CHEESE, PAPRIA, OLIVEN<\/p>\n<p><strong>58<\/strong> <strong>FETAOST<\/strong>, L\u00d8K, TOMAT, OLIVEN<\/p>\n<p><strong>59<\/strong> <strong>CASHEWN\u00d8TTER<\/strong>, ANANAS, L\u00d8K, PAPRIKA<\/p>\n<p><strong>60<\/strong> <strong>ARTISJOKK<\/strong>, OLIVEN, TOMAT, PESTO, PEPPERMIX<\/p>\n<p><strong>61<\/strong> <strong>SPINAT<\/strong>, CHEDDAR CHEESE, L\u00d8K, CHAMPIGNON<\/p>\n<p><strong>62<\/strong> <strong>CHAMPIGNON<\/strong>, PAPRIKA, L\u00d8K<\/p>\n<p><strong>63 JALAPENOS<\/strong>, CHAMPIGNON, L\u00d8K<span style=\"color: #ff0000;\"> <a href=\"http:\/\/www2.mrpizza.no\/wp-content\/uploads\/2012\/02\/hot-red.png\"><img loading=\"lazy\" title=\"hot-red\" src=\"http:\/\/www2.mrpizza.no\/wp-content\/uploads\/2012\/02\/hot-red.png\" alt=\"\" width=\"25\" height=\"17\" \/><\/a><\/span><\/p>\n<p><strong>Enkel:\u00a0 189,-\u00a0 \u00a0Dobbel:\u00a0 259,-\u00a0 \u00a0Stor:\u00a0 299,-<\/strong><\/p>\n<hr \/>\n<h2 style=\"text-align: center;\">PIZZA BIANCO<\/h2>\n<h2 style=\"text-align: center;\">(creme fraiche)<\/h2>\n<p><strong>65 BIFF,TOMAT, JALAPENOS, SWEET CHILI-SAUCE <span style=\"color: #ff0000;\"><a href=\"http:\/\/www2.mrpizza.no\/wp-content\/uploads\/2012\/02\/hot-red.png\"><img loading=\"lazy\" title=\"hot-red\" src=\"http:\/\/www2.mrpizza.no\/wp-content\/uploads\/2012\/02\/hot-red.png\" alt=\"\" width=\"25\" height=\"17\" \/><\/a><\/span><\/strong><\/p>\n<p><strong>66 BACON<\/strong>, KYLLING, L\u00d8K, CHAMPIGNON<\/p>\n<p><strong>\u00a0<\/strong><\/p>\n<p><strong>Enkel:\u00a0 189<\/strong><strong style=\"font-family: inherit; font-size: inherit;\">,-\u00a0 \u00a0Dobbel:\u00a0 259,-\u00a0 \u00a0Stor:\u00a0 309,-<\/strong><\/p>\n<hr \/>\n<h2 style=\"text-align: center;\">TUNFISK &amp; REKER<\/h2>\n<p><strong>72 REKER<\/strong>, PESTO, CHAMPIGNON<\/p>\n<p><strong>73 TUNFISK<\/strong>, CHAMPIGNON, L\u00d8K, CR\u00c9ME FRAICE<\/p>\n<p><strong>74 REKER<\/strong>, SKINKE, CHAMPIGNON,PAPRIKA<\/p>\n<p><strong>Enkel:\u00a0 189,-\u00a0 \u00a0Dobbel:\u00a0 259,-\u00a0\u00a0 Stor:\u00a0 309,-<\/strong><\/td>\n<td valign=\"top\" width=\"33%\">\n<h2 style=\"text-align: center;\">MARINERT BIFF<\/h2>\n<p><strong>21<\/strong> <strong>BIFF<\/strong>, SKINKE, L\u00d8K, ARTISJOKK<\/p>\n<p><strong>22 BIFF<\/strong>, KJ\u00d8TTDEIG, PEPPERONI, JALAPENOS <span style=\"color: #ff0000;\"><a href=\"http:\/\/www2.mrpizza.no\/wp-content\/uploads\/2012\/02\/hot-red.png\"><img loading=\"lazy\" class=\"alignnone size-full wp-image-132\" title=\"hot-red\" src=\"http:\/\/www2.mrpizza.no\/wp-content\/uploads\/2012\/02\/hot-red.png\" alt=\"\" width=\"25\" height=\"17\" \/><\/a><br \/>\n<\/span><\/p>\n<p><strong>23 BIFF<\/strong>, L\u00d8K, CHAMPIGNON, PAPRIKA<\/p>\n<p><strong>24 BIFF<\/strong>, TOMAT, GORGONZOLA<\/p>\n<p><strong>25 BIFF<\/strong>, L\u00d8K, BEARNAISESAUS<\/p>\n<p><strong>26 BIFF<\/strong>, CHAMPIGNON, TOMAT, CHILLI-SAUCE<\/p>\n<p><strong>27 BIFF<\/strong>, KJ\u00d8TTDEIG, L\u00d8K, PAPRIKA<\/p>\n<p><strong>28 BIFF<\/strong>, SKINKE, PEPPERONI, CHAMPIGNON<\/p>\n<p><strong>29 BIFF<\/strong>, SKINKE, TOMAT, OLIVEN<\/p>\n<p><strong>Enkel:\u00a0 189,-\u00a0\u00a0 Dobbel: \u00a0259,-\u00a0 \u00a0Stor: \u00a0299,-<\/strong><\/p>\n<hr \/>\n<h2 style=\"text-align: center;\">KJ\u00d8TTDEIG<\/h2>\n<p><strong>31 KJ\u00d8TTDEIG<\/strong>, SKINKE, L\u00d8K<\/p>\n<p><strong>32 KJ\u00d8TTDEIG<\/strong>, CHAMPIGNON, MAIS<\/p>\n<p><strong>33 KJ\u00d8TTDEIG<\/strong>, L\u00d8K, PAPRIKA<\/p>\n<p><strong>34 KJ\u00d8TTDEIG<\/strong>, L\u00d8K, BEARNAISESAUS<\/p>\n<p><strong>35 KJ\u00d8TTDEIG<\/strong>, BACON, PEPPERONI, L\u00d8K<\/p>\n<p><strong>36 KJ\u00d8TTDEIG<\/strong>, PEPPERONI, SKINKE, CHAMPIGNON<\/p>\n<p><strong>37 KJ\u00d8TTDEIG<\/strong>, OLIVEN, CHEDDAR CHEESE, JALAPENOS <a href=\"http:\/\/www2.mrpizza.no\/wp-content\/uploads\/2012\/02\/hot-red.png\"><img loading=\"lazy\" title=\"hot-red\" src=\"http:\/\/www2.mrpizza.no\/wp-content\/uploads\/2012\/02\/hot-red.png\" alt=\"\" width=\"25\" height=\"17\" \/><\/a><\/p>\n<p><strong>38 KJ\u00d8TTDEIG<\/strong>, TOMAT, CHAMPIGNON, HVITL\u00d8KSR\u00d8MME<\/p>\n<p><strong>Enkel: \u00a0189,-\u00a0 \u00a0Dobbel:\u00a0 259,-\u00a0 \u00a0Stor:\u00a0 299,-<\/strong><\/p>\n<hr \/>\n<h2 style=\"text-align: center;\">LETT BACON<\/h2>\n<p><strong>78 BACON<\/strong>, PEPPERONI, JALAPENOS, CHAMPIGNON<\/p>\n<p><strong>79 BACON<\/strong>, SKINKE, CHAMPIGNON<\/p>\n<p><strong>80 BACON<\/strong>, BIFF, PAPRIKA, L\u00d8K<\/p>\n<p><strong>81 BACON<\/strong>, KYLLING, SPINAT, L\u00d8K<\/p>\n<p><strong>82 BACON<\/strong>, BIFF, PESTO, CHAMPIGNON<\/p>\n<p><strong>83 BACON<\/strong>, PEPPERONI, L\u00d8K, ANANAS<\/p>\n<p><strong>84 BACON<\/strong>, L\u00d8K, GORGONZOLA<\/p>\n<p><strong>Enkel:\u00a0 189,-\u00a0\u00a0 Dobbel:\u00a0 259,-\u00a0 \u00a0Stor: \u00a0299,-<\/strong><\/p>\n<hr \/>\n<h2 style=\"text-align: center;\">CALZONE<\/h2>\n<p><strong>85 SKINKE<\/strong>, TOMATSAUS\u00a0\u00a0\u00a0\u00a0\u00a0\u00a0\u00a0\u00a0\u00a0\u00a0\u00a0\u00a0\u00a0\u00a0\u00a0\u00a0\u00a0\u00a0\u00a0\u00a0\u00a0\u00a0\u00a0\u00a0\u00a0\u00a0\u00a0\u00a0\u00a0\u00a0\u00a0\u00a0<strong>169,-<\/strong><\/p>\n<p><strong>86 SKINKE<\/strong>, CR\u00c9ME FRAICHE\u00a0 \u00a0 \u00a0 \u00a0 \u00a0 \u00a0 \u00a0 \u00a0 \u00a0 \u00a0 \u00a0 \u00a0 \u00a0 \u00a0 \u00a0 \u00a0 \u00a0 \u00a0 \u00a0 \u00a0 \u00a0 \u00a0 \u00a0 \u00a0 \u00a0 \u00a0 \u00a0 \u00a0 \u00a0 \u00a0 \u00a0 \u00a0 \u00a0 \u00a0 \u00a0 \u00a0 \u00a0 <strong>179,-<\/strong><\/p>\n<p><strong>87 CALZONE<\/strong>, KJ\u00d8TTDEIG, L\u00d8K\u00a0 \u00a0 \u00a0 \u00a0 \u00a0 \u00a0 \u00a0 \u00a0 \u00a0 \u00a0 \u00a0 \u00a0 \u00a0 \u00a0 \u00a0 \u00a0 \u00a0 \u00a0 \u00a0 \u00a0 \u00a0 \u00a0 \u00a0 \u00a0 \u00a0 \u00a0 \u00a0 \u00a0 \u00a0 \u00a0 \u00a0 \u00a0 \u00a0 \u00a0 \u00a0 <strong>179,-<\/strong><\/p>\n<p><strong>88 SKINKE<\/strong>, CHAMPIGNON,\u00a0 \u00a0 \u00a0 \u00a0 179,-<\/p>\n<hr \/>\n<h2 style=\"text-align: center;\">1-TOPPING<\/h2>\n<p><strong>4 SKINKE<\/strong><\/p>\n<p><strong>11 PEPPERONI<\/strong><\/p>\n<p><strong>Enkel:\u00a0 169,-\u00a0 \u00a0Dobbel:\u00a0 229,-\u00a0 \u00a0Stor:\u00a0 269,-<\/strong><\/p>\n<p><strong>53 SALAMI<\/strong><\/p>\n<p><strong>70 REKER<\/strong><\/p>\n<p><strong>71 TUNFISK<\/strong><\/p>\n<p><strong>Enkel: \u00a0189,-\u00a0 \u00a0Dobbel:\u00a0 25<\/strong><strong style=\"font-family: inherit; font-size: inherit;\">9,-\u00a0 \u00a0Stor: \u00a0299,-<\/strong><\/p>\n<p><strong>20 MARINERT BIFF<\/strong><\/p>\n<p><strong>30 KJ\u00d8TTDEIG<\/strong><\/p>\n<p><strong>39 KYLLINGFILET<\/strong><\/p>\n<p><strong>77 BACON<\/strong><\/p>\n<p><strong>Enkel: \u00a0189,-\u00a0 \u00a0Dobbel: \u00a0259,-\u00a0 \u00a0Stor: \u00a0299,-<\/strong><\/td>\n<td valign=\"top\" width=\"33%\">\n<h2 style=\"text-align: center;\">KYLLINGFILET<\/h2>\n<p><strong>40 KYLLING<\/strong>, PIRI PIRI KRYDDER, L\u00d8K, PAPRIKA, ANANAS<span style=\"color: #ff0000;\"> <a href=\"http:\/\/www2.mrpizza.no\/wp-content\/uploads\/2012\/02\/hot-red.png\"><img loading=\"lazy\" title=\"hot-red\" src=\"http:\/\/www2.mrpizza.no\/wp-content\/uploads\/2012\/02\/hot-red.png\" alt=\"\" width=\"25\" height=\"17\" \/><\/a><br \/>\n<\/span><\/p>\n<p><strong>41 KYLLING<\/strong>, CASHEWN\u00d8TTER, ANANAS, PAPRIKA<\/p>\n<p><strong>42 KYLLING<\/strong>, CHAMPIGNON, PESTO, L\u00d8K<\/p>\n<p><strong>43 KYLLING<\/strong>, ANANAS, PEPPERONI<\/p>\n<p><strong>44 KYLLING<\/strong>, FETAOST, L\u00d8K, OLIVEN<\/p>\n<p><strong>Enkel:\u00a0 189,-\u00a0 \u00a0Dobbel: 259,-\u00a0 \u00a0Stor: 299,-<\/strong><\/p>\n<hr \/>\n<h2 style=\"text-align: center;\">MEXICAN\/TACOSAUS<\/h2>\n<p><strong>45 HOT TACO PIZZA<\/strong><br \/>\nMARINERT BIFF, TACOSAUS, L\u00d8K, SALATTOPPING, R\u00d8MMEDRESSING <span style=\"color: #ff0000;\"><a href=\"http:\/\/www2.mrpizza.no\/wp-content\/uploads\/2012\/02\/hot-red.png\"><img loading=\"lazy\" title=\"hot-red\" src=\"http:\/\/www2.mrpizza.no\/wp-content\/uploads\/2012\/02\/hot-red.png\" alt=\"\" width=\"25\" height=\"17\" \/><\/a><br \/>\n<\/span><\/p>\n<p><strong>46 KYLLINGFILET<\/strong>, TACOSAUS, L\u00d8K, SALATTOPPING, R\u00d8MMEDRESSING\u00a0 <span style=\"color: #ff0000;\"><a href=\"http:\/\/www2.mrpizza.no\/wp-content\/uploads\/2012\/02\/hot-red.png\"><img loading=\"lazy\" title=\"hot-red\" src=\"http:\/\/www2.mrpizza.no\/wp-content\/uploads\/2012\/02\/hot-red.png\" alt=\"\" width=\"25\" height=\"17\" \/><\/a><\/span><\/p>\n<p><strong>Enkel:\u00a0 219,-\u00a0\u00a0 Dobbel:\u00a0 289,-\u00a0\u00a0 Stor:\u00a0 349,-<\/strong><\/p>\n<p>__________________________________________<\/p>\n<p><strong>47 TACOKJ\u00d8TT<\/strong>, JALAPENOS, CHEDDAR CHEESE, TORTILLACHIPS<span style=\"color: #ff0000;\"> <a href=\"http:\/\/www2.mrpizza.no\/wp-content\/uploads\/2012\/02\/hot-red.png\"><img loading=\"lazy\" title=\"hot-red\" src=\"http:\/\/www2.mrpizza.no\/wp-content\/uploads\/2012\/02\/hot-red.png\" alt=\"\" width=\"25\" height=\"17\" \/><\/a><br \/>\n<\/span><\/p>\n<p><strong>48 TACOKJ\u00d8TT<\/strong>, BIFF, JALAPENOS, L\u00d8K, MAIS<span style=\"color: #ff0000;\"> <a href=\"http:\/\/www2.mrpizza.no\/wp-content\/uploads\/2012\/02\/hot-red.png\"><img loading=\"lazy\" title=\"hot-red\" src=\"http:\/\/www2.mrpizza.no\/wp-content\/uploads\/2012\/02\/hot-red.png\" alt=\"\" width=\"25\" height=\"17\" \/><\/a><br \/>\n<\/span><\/p>\n<p><strong>49 MARINERT BIFF<\/strong>, KYLLINGFILET, L\u00d8K, TOMAT, ANANAS,<\/p>\n<p><strong>50<\/strong> <strong>MARINERT BIFF<\/strong>, CHAMPIGNON, JALAPENOS, CHEDDAR CHEESE <a href=\"http:\/\/www2.mrpizza.no\/wp-content\/uploads\/2012\/02\/hot-red.png\"><img loading=\"lazy\" title=\"hot-red\" src=\"http:\/\/www2.mrpizza.no\/wp-content\/uploads\/2012\/02\/hot-red.png\" alt=\"\" width=\"25\" height=\"17\" \/><\/a><\/p>\n<p><strong>51 KYLLINGFILET<\/strong>, PAPRIKA, L\u00d8K, MAIS<\/p>\n<p><strong>52 MARINERT BIFF<\/strong>, KYLLINGFILET, TORTILLACHIPS, CHEDDAR CHEESE<\/p>\n<p><strong>Enkel:\u00a0 199,-\u00a0 \u00a0Dobbel:\u00a0 259,-\u00a0 \u00a0Stor:\u00a0 309,-<\/strong><\/p>\n<hr \/>\n<h2 style=\"text-align: center;\">PIZZABAKERENS TIPS<\/h2>\n<p><strong>90 BIFF<\/strong>, TOMAT, JALAPENOS, SWEET CHILI-SAUCE \u00a0\u00a0\u00a0\u00a0L\u00d8K\u00a0\u00a0\u00a0\u00a0\u00a0\u00a0<a href=\"http:\/\/www2.mrpizza.no\/wp-content\/uploads\/2012\/02\/hot-red.png\"><img loading=\"lazy\" title=\"hot-red\" src=\"http:\/\/www2.mrpizza.no\/wp-content\/uploads\/2012\/02\/hot-red.png\" alt=\"\" width=\"25\" height=\"17\" \/><\/a><\/p>\n<p><strong>91 KYLLING<\/strong>, CASHEWN\u00d8TTER, ANANAS, CHAMPIGNON, SWEET CHILLI-SAUCE <a href=\"http:\/\/www2.mrpizza.no\/wp-content\/uploads\/2012\/02\/hot-red.png\"><img loading=\"lazy\" title=\"hot-red\" src=\"http:\/\/www2.mrpizza.no\/wp-content\/uploads\/2012\/02\/hot-red.png\" alt=\"\" width=\"25\" height=\"17\" \/><\/a><\/p>\n<p><strong>92 TACOKJ\u00d8TT<\/strong>, KJ\u00d8TTDEIG, PEPPERONI, CHAMPIGNON, JALAPENOS <a href=\"http:\/\/www2.mrpizza.no\/wp-content\/uploads\/2012\/02\/hot-red.png\"><img loading=\"lazy\" title=\"hot-red\" src=\"http:\/\/www2.mrpizza.no\/wp-content\/uploads\/2012\/02\/hot-red.png\" alt=\"\" width=\"25\" height=\"17\" \/><\/a><span style=\"color: #ff0000;\"><br \/>\n<\/span><\/p>\n<p><strong>Enkel:\u00a0 199,-\u00a0 \u00a0Dobbel: \u00a0269,-\u00a0\u00a0 Stor:\u00a0 319,-<\/strong><\/p>\n<hr \/>\n<h2 style=\"text-align: center;\">\u00a0LAG DIN EGEN PIZZA<\/h2>\n<p><strong>Velg inntil 3 ingredienser<\/strong><br \/>\nEnkel:\u00a0 189,-\u00a0 \u00a0\u00a0 Dobbel: 259,-\u00a0 \u00a0 \u00a0Stor: 309,-<\/p>\n<p><strong>Velg inntil 6 ingredienser<\/strong><br \/>\nEnkel:\u00a0 229,-\u00a0 \u00a0 \u00a0Dobbel: 289,-\u00a0 \u00a0 \u00a0Stor: 359,-<\/p>\n<p>Ost og Mr. Pizzas Tomatsaus er inkludert i prisen!<\/p>\n<p>Velg fritt blant flg. ingredienser:<br \/>\nChampignon, paprika, l\u00f8k, ananas, pesto, artisjokk, asparges, tomat, cr\u00e9me fraiche, spinat, oliven, cashewn\u00f8tter, mais, brokkoli<\/p>\n<p>Jalapenos, tacosaus, sweet chilli-sauce<span style=\"color: #ff0000;\"> <a href=\"http:\/\/www2.mrpizza.no\/wp-content\/uploads\/2012\/02\/hot-red.png\"><img loading=\"lazy\" title=\"hot-red\" src=\"http:\/\/www2.mrpizza.no\/wp-content\/uploads\/2012\/02\/hot-red.png\" alt=\"\" width=\"25\" height=\"17\" \/><\/a><\/span><\/p>\n<p>Pepperoni, skinke, biff, kj\u00f8ttdeig,<br \/>\ntacokj\u00f8tt, kyllingfilet, lett bacon, salami,<br \/>\nreker, tunfisk, bl\u00e5skjell<\/p>\n<hr \/>\n<h2 style=\"text-align: center;\">TILBEH\u00d8R<\/h2>\n<p>R\u00f8mmedressing m\/u hvitl\u00f8k\u00a0\u00a0\u00a0\u00a0\u00a0\u00a0\u00a0\u00a0\u00a0\u00a0\u00a0\u00a0\u00a0\u00a0\u00a0 \u00a0<strong>25,-<\/strong><\/p>\n<p>Pizzasaus mild \/ hot\u00a0 \u00a0 \u00a0 \u00a0 \u00a0 \u00a0 \u00a0 \u00a0 \u00a0 \u00a0 \u00a0 \u00a0 \u00a0 \u00a0 20<strong>,-<\/strong><\/p>\n<p>Tacosaus hot \/ Bearnaisesaus\u00a0\u00a0\u00a0\u00a0\u00a0\u00a0\u00a0\u00a0\u00a0\u00a0\u00a0\u00a0\u00a0<strong> 27,-<\/strong><\/p>\n<p>Jalapenos \/ oliven\u00a0\u00a0\u00a0\u00a0\u00a0\u00a0\u00a0\u00a0\u00a0\u00a0\u00a0\u00a0\u00a0\u00a0\u00a0\u00a0\u00a0\u00a0\u00a0\u00a0\u00a0\u00a0\u00a0\u00a0\u00a0\u00a0\u00a0\u00a0\u00a0 \u00a0<strong>24,-<\/strong><\/p>\n<p><strong>Ekstra ost \/ kj\u00f8tt<\/strong><\/p>\n<p>Medium pizza:\u00a0\u00a0 <strong>\u00a026,-<\/strong>\u00a0\u00a0\u00a0\u00a0\u00a0 Stor pizza:\u00a0\u00a0 <strong>\u00a038,-<\/strong><\/p>\n<p><strong>Ekstra gr\u00f8nnsaker<\/strong><\/p>\n<p>Medium pizza\u00a0\u00a0\u00a0\u00a0 <strong>14,-<\/strong>\u00a0\u00a0\u00a0 \u00a0\u00a0 Stor pizza: \u00a0 <strong>\u00a024,-<\/strong><\/p>\n<hr \/>\n<h2 style=\"text-align: center;\">PIZZAST\u00d8RRELSER<\/h2>\n<p>Italiensk 32 cm\u00a0\u00a0\u00a0\u00a0\u00a0\u00a0\u00a0\u00a0\u00a0\u00a0\u00a0 Enkel:\u00a0\u00a0\u00a0\u00a0\u00a0 1-2 pers<\/p>\n<p>Amerikansk 32 cm\u00a0\u00a0\u00a0\u00a0\u00a0\u00a0 Dobbel:\u00a0\u00a0\u00a0 2-3 pers<\/p>\n<p>Italiensk 42 cm\u00a0\u00a0\u00a0\u00a0\u00a0\u00a0\u00a0\u00a0\u00a0\u00a0\u00a0 Stor:\u00a0\u00a0\u00a0\u00a0\u00a0\u00a0\u00a0 3-4 pers<\/p>\n<p><strong> &#8230;&#8230;&#8230;&#8230;&#8230;&#8230;..\u00a0\u00a0\u00a0\u00a0 ALLERGENER\u00a0\u00a0\u00a0 &#8230;&#8230;&#8230;&#8230;&#8230;&#8230;&#8230;&#8230;.<\/strong><\/p>\n<p>&#8230;&#8230;&#8230;&#8230;&#8230;&#8230;&#8230;\u00a0\u00a0 inneholder\u00a0 &#8230;&#8230;\u00a0 ( kan inneholde spor av )\u00a0\u00a0 &#8230;..<\/p>\n<p>Deig\u00a0\u00a0\u00a0\u00a0\u00a0\u00a0\u00a0\u00a0\u00a0\u00a0\u00a0\u00a0\u00a0\u00a0\u00a0\u00a0\u00a0\u00a0\u00a0\u00a0\u00a0\u00a0\u00a0\u00a0\u00a0\u00a0\u00a0 Gluten<\/p>\n<p>Ost\u00a0\u00a0\u00a0\u00a0\u00a0\u00a0\u00a0\u00a0\u00a0\u00a0\u00a0\u00a0\u00a0\u00a0\u00a0\u00a0\u00a0\u00a0\u00a0\u00a0\u00a0\u00a0\u00a0\u00a0\u00a0\u00a0\u00a0\u00a0\u00a0\u00a0Melk<\/p>\n<p>Cheddar Cheese\u00a0\u00a0\u00a0\u00a0\u00a0\u00a0 Melk<\/p>\n<p>Fetaost\u00a0\u00a0\u00a0\u00a0\u00a0\u00a0\u00a0\u00a0\u00a0\u00a0\u00a0\u00a0\u00a0\u00a0\u00a0\u00a0\u00a0\u00a0\u00a0\u00a0\u00a0\u00a0\u00a0Melk<\/p>\n<p>Gorgonzola\u00a0\u00a0\u00a0\u00a0\u00a0\u00a0\u00a0\u00a0\u00a0\u00a0\u00a0\u00a0\u00a0\u00a0\u00a0\u00a0Melk<\/p>\n<p>Pepperoni\u00a0\u00a0\u00a0\u00a0\u00a0\u00a0\u00a0\u00a0\u00a0\u00a0\u00a0\u00a0\u00a0\u00a0\u00a0\u00a0\u00a0\u00a0Soya<\/p>\n<p>Salami\u00a0\u00a0\u00a0\u00a0\u00a0\u00a0\u00a0\u00a0\u00a0\u00a0\u00a0\u00a0\u00a0\u00a0\u00a0\u00a0\u00a0\u00a0\u00a0\u00a0\u00a0\u00a0\u00a0\u00a0\u00a0Melk<\/p>\n<p>Reker\u00a0\u00a0\u00a0\u00a0\u00a0\u00a0\u00a0\u00a0\u00a0\u00a0\u00a0\u00a0\u00a0\u00a0\u00a0\u00a0\u00a0\u00a0\u00a0\u00a0\u00a0\u00a0\u00a0\u00a0\u00a0\u00a0\u00a0Skalldyr\u00a0\u00a0\u00a0\u00a0\u00a0\u00a0\u00a0\u00a0(Fisk)<\/p>\n<p>Tunfisk\u00a0\u00a0\u00a0\u00a0\u00a0\u00a0\u00a0\u00a0\u00a0\u00a0\u00a0\u00a0\u00a0\u00a0\u00a0\u00a0\u00a0\u00a0\u00a0\u00a0\u00a0\u00a0\u00a0\u00a0Fisk<\/p>\n<p>Pesto\u00a0\u00a0\u00a0\u00a0\u00a0\u00a0\u00a0\u00a0\u00a0\u00a0\u00a0\u00a0\u00a0\u00a0\u00a0\u00a0\u00a0\u00a0\u00a0\u00a0\u00a0\u00a0\u00a0\u00a0\u00a0\u00a0\u00a0\u00a0Melk<\/p>\n<p>Creme Fraiche\u00a0\u00a0\u00a0\u00a0\u00a0\u00a0\u00a0\u00a0\u00a0\u00a0\u00a0\u00a0Melk<\/p>\n<p>Bearnaisesaus\u00a0\u00a0\u00a0\u00a0\u00a0\u00a0\u00a0\u00a0\u00a0\u00a0\u00a0\u00a0 Soya\u00a0\u00a0 Lupiner\u00a0\u00a0 Melk\u00a0\u00a0\u00a0 Egg\u00a0\u00a0 Selleri<\/p>\n<p>R\u00f8mmedressing\u00a0\u00a0\u00a0\u00a0\u00a0\u00a0\u00a0\u00a0\u00a0Melk<\/p>\n<p>Glutenfri Bunn\u00a0\u00a0\u00a0\u00a0\u00a0\u00a0\u00a0\u00a0\u00a0\u00a0\u00a0\u00a0Soya<\/p>\n<p>Tortillachips\u00a0\u00a0\u00a0\u00a0\u00a0\u00a0\u00a0\u00a0\u00a0\u00a0\u00a0\u00a0\u00a0\u00a0\u00a0 ( Gluten\u00a0)\u00a0\u00a0\u00a0\u00a0\u00a0\u00a0\u00a0\u00a0\u00a0 Melk<\/td>\n<\/tr>\n<\/tbody>\n<\/table>\n<p><\/p>\n","protected":false},"excerpt":{"rendered":"<p>OST &amp; TOMATSAUS 1 FETAOST, GORGONZOLA, CHEDDAR CHEESE, NORVEGIA Enkel:\u00a0 189,-\u00a0 \u00a0Dobbel: \u00a0259,-\u00a0 \u00a0Stor: \u00a0299,- 2 GORGONZOLA, NORVEGIA Enkel: \u00a0169,-\u00a0 \u00a0Dobbel:\u00a0 229,-\u00a0 \u00a0Stor:\u00a0 269,- 3 NORVEGIA, TOMATSAUS Enkel:\u00a0\u00a0149,-\u00a0 \u00a0Dobbel:\u00a0 179,-\u00a0 \u00a0Stor:\u00a0 219,- SKINKE \/ PEPPERONI 5 SKINKE, CHAMPIGNON 6 SKINKE, PAPRIKA 7 PEPPERONI, OLIVEN 8 SKINKE, ANANAS 9 SKINKE, MAIS 10 PEPPERONI, CHAMPIGNON 12 PEPPERONI, [&hellip;]<\/p>\n","protected":false},"author":5,"featured_media":0,"parent":0,"menu_order":4,"comment_status":"closed","ping_status":"closed","template":"","meta":[],"_links":{"self":[{"href":"http:\/\/www.mrpizza.no\/index.php?rest_route=\/wp\/v2\/pages\/1005"}],"collection":[{"href":"http:\/\/www.mrpizza.no\/index.php?rest_route=\/wp\/v2\/pages"}],"about":[{"href":"http:\/\/www.mrpizza.no\/index.php?rest_route=\/wp\/v2\/types\/page"}],"author":[{"embeddable":true,"href":"http:\/\/www.mrpizza.no\/index.php?rest_route=\/wp\/v2\/users\/5"}],"replies":[{"embeddable":true,"href":"http:\/\/www.mrpizza.no\/index.php?rest_route=%2Fwp%2Fv2%2Fcomments&post=1005"}],"version-history":[{"count":16,"href":"http:\/\/www.mrpizza.no\/index.php?rest_route=\/wp\/v2\/pages\/1005\/revisions"}],"predecessor-version":[{"id":1382,"href":"http:\/\/www.mrpizza.no\/index.php?rest_route=\/wp\/v2\/pages\/1005\/revisions\/1382"}],"wp:attachment":[{"href":"http:\/\/www.mrpizza.no\/index.php?rest_route=%2Fwp%2Fv2%2Fmedia&parent=1005"}],"curies":[{"name":"wp","href":"https:\/\/api.w.org\/{rel}","templated":true}]}}